{"id":520,"date":"2024-02-06T18:53:31","date_gmt":"2024-02-06T17:53:31","guid":{"rendered":"https:\/\/ingatlan-foto.com\/?page_id=520"},"modified":"2026-04-27T17:17:22","modified_gmt":"2026-04-27T15:17:22","slug":"dijkalkulator","status":"publish","type":"page","link":"https:\/\/ingatlan-foto.com\/en\/dijkalkulator\/","title":{"rendered":"Price Calculator"},"content":{"rendered":"<div class=\"col-md-6 col-md-offset-3 row\">\n<p class=\"push-down\">Interested in an estimated fee for your property? Please complete the form below.<br \/><span class=\"small\">For properties within Budapest, please enter \u201c0\u201d as the distance.<\/small><\/p>\n<\/div>","protected":false},"excerpt":{"rendered":"<p>Ha k\u00edv\u00e1ncsi vagy egy becs\u00fclt d\u00edjra az ingatlanod kapcs\u00e1n, k\u00e9rlek t\u00f6ltsd ki az al\u00e1bbi mez\u0151ket.Amennyiben az ingatlan Budapesten bel\u00fcl van, &hellip; <a href=\"https:\/\/ingatlan-foto.com\/en\/dijkalkulator\/\" class=\"more-link\">Continue reading <span class=\"screen-reader-text\">Price Calculator<\/span><\/a><\/p>","protected":false},"author":1,"featured_media":0,"parent":0,"menu_order":0,"comment_status":"closed","ping_status":"closed","template":"page-templates\/calculator.php","meta":{"footnotes":""},"class_list":["post-520","page","type-page","status-publish","hentry"],"jetpack_sharing_enabled":true,"_links":{"self":[{"href":"https:\/\/ingatlan-foto.com\/en\/wp-json\/wp\/v2\/pages\/520","targetHints":{"allow":["GET"]}}],"collection":[{"href":"https:\/\/ingatlan-foto.com\/en\/wp-json\/wp\/v2\/pages"}],"about":[{"href":"https:\/\/ingatlan-foto.com\/en\/wp-json\/wp\/v2\/types\/page"}],"author":[{"embeddable":true,"href":"https:\/\/ingatlan-foto.com\/en\/wp-json\/wp\/v2\/users\/1"}],"replies":[{"embeddable":true,"href":"https:\/\/ingatlan-foto.com\/en\/wp-json\/wp\/v2\/comments?post=520"}],"version-history":[{"count":51,"href":"https:\/\/ingatlan-foto.com\/en\/wp-json\/wp\/v2\/pages\/520\/revisions"}],"predecessor-version":[{"id":738,"href":"https:\/\/ingatlan-foto.com\/en\/wp-json\/wp\/v2\/pages\/520\/revisions\/738"}],"wp:attachment":[{"href":"https:\/\/ingatlan-foto.com\/en\/wp-json\/wp\/v2\/media?parent=520"}],"curies":[{"name":"wp","href":"https:\/\/api.w.org\/{rel}","templated":true}]}}